{"id":18,"date":"2019-09-26T10:14:32","date_gmt":"2019-09-26T08:14:32","guid":{"rendered":"https:\/\/duesterhaus-supervision.de\/?page_id=18"},"modified":"2022-01-25T11:24:22","modified_gmt":"2022-01-25T09:24:22","slug":"startseite","status":"publish","type":"page","link":"https:\/\/duesterhaus-supervision.de\/","title":{"rendered":""},"content":{"rendered":"<h1><\/h1>\n<h1>SUPERVISION ver\u00e4ndert Perspektiven<\/h1>\n<h1>COACHING unterst\u00fctzt Weiterentwicklung<\/h1>\n<h1>BERATUNG erm\u00f6glicht Handlungsspielr\u00e4ume<\/h1>\n<h1><\/h1>\n<p>Herzlich Willkommen!<\/p>\n<p>Ich biete Ihnen individuell auf Ihre Bed\u00fcrfnisse abgestimmte Beratungsformate im beruflichen wie privaten Kontext.<\/p>\n<h1><\/h1>\n<p>Diese bieten Ihnen Raum und M\u00f6glichkeit zur<\/p>\n<ul>\n<li>Reflektion Ihres professionellen Handelns<\/li>\n<li>Betrachtung Ihrer beruflichen und\/oder privaten Beziehungen<\/li>\n<li>Kl\u00e4rung von Fragen zur Identit\u00e4t und Ihrer (beruflichen)&nbsp;Rolle<\/li>\n<li>Erweiterung Ihrer Wahrnehmungs- und Handlungskompetenzen<\/li>\n<li>Entdeckung, Entwicklung und Erweiterung sowohl beruflicher als auch pers\u00f6nlicher Ressourcen<\/li>\n<li>Verbesserung von Kommunikation und Kooperation im Team und der Organisation<\/li>\n<li>Erarbeitung von Problembew\u00e4ltigungsstrategien und Konfliktl\u00f6sungsm\u00f6glichkeiten<\/li>\n<li>Qualit\u00e4tssicherung und -verbesserung<\/li>\n<li>Entwicklung beruflicher und pers\u00f6nlicher Perspektiven<\/li>\n<li>Beibehaltung und Steigerung von Arbeitszufriedenheit, Gesundheit und Lebensqualit\u00e4t<\/li>\n<\/ul>\n<p style=\"text-align: left;\">\n<p style=\"text-align: left;\">Ob f\u00fcr Sie als Person im Rahmen von<\/p>\n<p style=\"text-align: left;\"><strong>Einzelsupervision oder (<\/strong><strong>F\u00fchrungskr\u00e4fte)Coaching,<\/strong><\/p>\n<p style=\"text-align: left;\">f\u00fcr Ihr Team oder Ihre Gruppe als<\/p>\n<p style=\"text-align: left;\"><strong>Team- und Gruppensupervision&nbsp;<\/strong><\/p>\n<p style=\"text-align: left;\">oder f\u00fcr Ihre Einrichtung\/ Organisation in Form von<\/p>\n<p style=\"text-align: left;\"><strong>Fachvortr\u00e4gen oder Beratungsangeboten zu verschiedenen Themen,<\/strong><\/p>\n<p style=\"text-align: left;\">gemeinsam finden wir das f\u00fcr Sie passende Format.<\/p>\n<h1><\/h1>\n<hr>\n<h1>ZUR PERSON<\/h1>\n<p>Carmen D\u00fcsterhaus<\/p>\n<p>Dipl. Sozialarbeiterin \/ Dipl. Sozialp\u00e4dagogin<br \/>\nTraumafachberaterin<br \/>\nSupervisorin (DGSv)<\/p>\n<p>Berufserfahrung in den Bereichen:<\/p>\n<ul>\n<li>Supervision, Coaching, Beratung<\/li>\n<li>Kinder- und Jugendhilfe<\/li>\n<li>Behindertenhilfe<\/li>\n<li>Altenhilfe<\/li>\n<li>Pflegekinderhilfe<\/li>\n<li>Traumafachberatung\/-p\u00e4dagogik<\/li>\n<\/ul>\n<p><script src=\"https:\/\/www.dgsv.de\/logo\/s\/m\/300\"><\/script><\/p>\n<h1>Sie sind neugierig geworden?<\/h1>\n<h1>Dann kontaktieren Sie mich! Ich freue mich darauf!<\/h1>\n","protected":false},"excerpt":{"rendered":"<p>SUPERVISION ver\u00e4ndert Perspektiven COACHING unterst\u00fctzt Weiterentwicklung BERATUNG erm\u00f6glicht Handlungsspielr\u00e4ume Herzlich Willkommen! Ich biete Ihnen individuell auf Ihre Bed\u00fcrfnisse abgestimmte Beratungsformate im beruflichen wie privaten Kontext. Diese bieten Ihnen Raum und M\u00f6glichkeit zur Reflektion Ihres professionellen Handelns Betrachtung Ihrer beruflichen und\/oder &hellip; <a href=\"https:\/\/duesterhaus-supervision.de\/\">Weiterlesen <span class=\"meta-nav\">&rarr;<\/span><\/a><\/p>\n","protected":false},"author":1,"featured_media":0,"parent":0,"menu_order":0,"comment_status":"closed","ping_status":"closed","template":"","meta":{"footnotes":""},"class_list":["post-18","page","type-page","status-publish","hentry"],"_links":{"self":[{"href":"https:\/\/duesterhaus-supervision.de\/index.php?rest_route=\/wp\/v2\/pages\/18","targetHints":{"allow":["GET"]}}],"collection":[{"href":"https:\/\/duesterhaus-supervision.de\/index.php?rest_route=\/wp\/v2\/pages"}],"about":[{"href":"https:\/\/duesterhaus-supervision.de\/index.php?rest_route=\/wp\/v2\/types\/page"}],"author":[{"embeddable":true,"href":"https:\/\/duesterhaus-supervision.de\/index.php?rest_route=\/wp\/v2\/users\/1"}],"replies":[{"embeddable":true,"href":"https:\/\/duesterhaus-supervision.de\/index.php?rest_route=%2Fwp%2Fv2%2Fcomments&post=18"}],"version-history":[{"count":70,"href":"https:\/\/duesterhaus-supervision.de\/index.php?rest_route=\/wp\/v2\/pages\/18\/revisions"}],"predecessor-version":[{"id":350,"href":"https:\/\/duesterhaus-supervision.de\/index.php?rest_route=\/wp\/v2\/pages\/18\/revisions\/350"}],"wp:attachment":[{"href":"https:\/\/duesterhaus-supervision.de\/index.php?rest_route=%2Fwp%2Fv2%2Fmedia&parent=18"}],"curies":[{"name":"wp","href":"https:\/\/api.w.org\/{rel}","templated":true}]}}